{"id":638,"date":"2022-04-07T17:48:04","date_gmt":"2022-04-07T15:48:04","guid":{"rendered":"https:\/\/dev-bibliotech-sw.pantheonsite.io\/?page_id=638"},"modified":"2022-06-10T06:00:30","modified_gmt":"2022-06-10T04:00:30","slug":"programas-de-homeschooling","status":"publish","type":"page","link":"https:\/\/bibliotech.com.gt\/en\/programas-de-homeschooling\/","title":{"rendered":"Homeschooling Programs"},"content":{"rendered":"<div data-elementor-type=\"wp-page\" data-elementor-id=\"638\" class=\"elementor elementor-638\">\n\t\t\t\t\t\t\t\t\t<section class=\"elementor-section elementor-top-section elementor-element elementor-element-b44ed45 elementor-section-boxed elementor-section-height-default elementor-section-height-default elementor-invisible\" data-id=\"b44ed45\" data-element_type=\"section\" data-settings=\"{&quot;animation&quot;:&quot;fadeInUp&quot;}\">\n\t\t\t\t\t\t<div class=\"elementor-container elementor-column-gap-default\">\n\t\t\t\t\t<div class=\"elementor-column elementor-col-100 elementor-top-column elementor-element elementor-element-2a6a966\" data-id=\"2a6a966\" data-element_type=\"column\">\n\t\t\t<div class=\"elementor-widget-wrap elementor-element-populated\">\n\t\t\t\t\t\t\t\t<section class=\"elementor-section elementor-inner-section elementor-element elementor-element-b603745 elementor-section-boxed elementor-section-height-default elementor-section-height-default\" data-id=\"b603745\" data-element_type=\"section\">\n\t\t\t\t\t\t<div class=\"elementor-container elementor-column-gap-default\">\n\t\t\t\t\t<div class=\"elementor-column elementor-col-50 elementor-inner-column elementor-element elementor-element-ed8a84e\" data-id=\"ed8a84e\" data-element_type=\"column\">\n\t\t\t<div class=\"elementor-widget-wrap elementor-element-populated\">\n\t\t\t\t\t\t\t\t<div class=\"elementor-element elementor-element-eb2bcf6 elementor-invisible elementor-widget elementor-widget-heading\" data-id=\"eb2bcf6\" data-element_type=\"widget\" data-settings=\"{&quot;_animation&quot;:&quot;fadeInUp&quot;,&quot;_animation_mobile&quot;:&quot;fadeInUp&quot;}\" data-widget_type=\"heading.default\">\n\t\t\t\t<div class=\"elementor-widget-container\">\n\t\t\t<style>\/*! elementor - v3.7.8 - 02-10-2022 *\/\n.elementor-heading-title{padding:0;margin:0;line-height:1}.elementor-widget-heading .elementor-heading-title[class*=elementor-size-]>a{color:inherit;font-size:inherit;line-height:inherit}.elementor-widget-heading .elementor-heading-title.elementor-size-small{font-size:15px}.elementor-widget-heading .elementor-heading-title.elementor-size-medium{font-size:19px}.elementor-widget-heading .elementor-heading-title.elementor-size-large{font-size:29px}.elementor-widget-heading .elementor-heading-title.elementor-size-xl{font-size:39px}.elementor-widget-heading .elementor-heading-title.elementor-size-xxl{font-size:59px}<\/style><h2 class=\"elementor-heading-title elementor-size-default\">What is homeschooling?<\/h2>\t\t<\/div>\n\t\t\t\t<\/div>\n\t\t\t\t<div class=\"elementor-element elementor-element-e88271d elementor-widget elementor-widget-text-editor\" data-id=\"e88271d\" data-element_type=\"widget\" data-widget_type=\"text-editor.default\">\n\t\t\t\t<div class=\"elementor-widget-container\">\n\t\t\t<style>\/*! elementor - v3.7.8 - 02-10-2022 *\/\n.elementor-widget-text-editor.elementor-drop-cap-view-stacked .elementor-drop-cap{background-color:#818a91;color:#fff}.elementor-widget-text-editor.elementor-drop-cap-view-framed .elementor-drop-cap{color:#818a91;border:3px solid;background-color:transparent}.elementor-widget-text-editor:not(.elementor-drop-cap-view-default) .elementor-drop-cap{margin-top:8px}.elementor-widget-text-editor:not(.elementor-drop-cap-view-default) .elementor-drop-cap-letter{width:1em;height:1em}.elementor-widget-text-editor .elementor-drop-cap{float:left;text-align:center;line-height:1;font-size:50px}.elementor-widget-text-editor .elementor-drop-cap-letter{display:inline-block}<\/style>\t\t\t\t<p>Individualized <strong>learning plan<\/strong> based on each student's goals, current academic level, <strong>personalized education<\/strong> and learning style. A professional team of teachers, advisers, and counselors is selected to build a strong foundation for success.<\/p>\t\t\t\t\t\t<\/div>\n\t\t\t\t<\/div>\n\t\t\t\t<div class=\"elementor-element elementor-element-44ca0e8 elementor-widget elementor-widget-text-editor\" data-id=\"44ca0e8\" data-element_type=\"widget\" data-widget_type=\"text-editor.default\">\n\t\t\t\t<div class=\"elementor-widget-container\">\n\t\t\t\t\t\t\t<p>Get to know more about one of our homeschool programs: <strong>Calvert Program<\/strong><\/p>\t\t\t\t\t\t<\/div>\n\t\t\t\t<\/div>\n\t\t\t\t<div class=\"elementor-element elementor-element-775bb9b elementor-align-center elementor-widget elementor-widget-button\" data-id=\"775bb9b\" data-element_type=\"widget\" data-widget_type=\"button.default\">\n\t\t\t\t<div class=\"elementor-widget-container\">\n\t\t\t\t\t<div class=\"elementor-button-wrapper\">\n\t\t\t<a href=\"https:\/\/www.calvertinternationalacademy.com\/%20\" target=\"_blank\" class=\"elementor-button-link elementor-button elementor-size-sm\" role=\"button\">\n\t\t\t\t\t\t<span class=\"elementor-button-content-wrapper\">\n\t\t\t\t\t\t<span class=\"elementor-button-text\">Click here<\/span>\n\t\t<\/span>\n\t\t\t\t\t<\/a>\n\t\t<\/div>\n\t\t\t\t<\/div>\n\t\t\t\t<\/div>\n\t\t\t\t\t<\/div>\n\t\t<\/div>\n\t\t\t\t<div class=\"elementor-column elementor-col-50 elementor-inner-column elementor-element elementor-element-e46543a\" data-id=\"e46543a\" data-element_type=\"column\">\n\t\t\t<div class=\"elementor-widget-wrap elementor-element-populated\">\n\t\t\t\t\t\t\t\t<div class=\"elementor-element elementor-element-4e0d89b elementor-invisible elementor-widget elementor-widget-image\" data-id=\"4e0d89b\" data-element_type=\"widget\" data-settings=\"{&quot;_animation&quot;:&quot;fadeInUp&quot;}\" data-widget_type=\"image.default\">\n\t\t\t\t<div class=\"elementor-widget-container\">\n\t\t\t<style>\/*! elementor - v3.7.8 - 02-10-2022 *\/\n.elementor-widget-image{text-align:center}.elementor-widget-image a{display:inline-block}.elementor-widget-image a img[src$=\".svg\"]{width:48px}.elementor-widget-image img{vertical-align:middle;display:inline-block}<\/style>\t\t\t\t\t\t\t\t\t\t\t\t<img loading=\"lazy\" decoding=\"async\" width=\"714\" height=\"427\" src=\"https:\/\/bibliotech.com.gt\/wp-content\/uploads\/2022\/04\/blended_2.png\" class=\"attachment-large size-large\" alt=\"nsmaxn,sx\" srcset=\"https:\/\/bibliotech.com.gt\/wp-content\/uploads\/2022\/04\/blended_2.png 714w, https:\/\/bibliotech.com.gt\/wp-content\/uploads\/2022\/04\/blended_2-300x179.png 300w, https:\/\/bibliotech.com.gt\/wp-content\/uploads\/2022\/04\/blended_2-18x12.png 18w\" sizes=\"auto, (max-width: 714px) 100vw, 714px\" \/>\t\t\t\t\t\t\t\t\t\t\t\t\t\t\t<\/div>\n\t\t\t\t<\/div>\n\t\t\t\t\t<\/div>\n\t\t<\/div>\n\t\t\t\t\t\t\t<\/div>\n\t\t<\/section>\n\t\t\t\t\t<\/div>\n\t\t<\/div>\n\t\t\t\t\t\t\t<\/div>\n\t\t<\/section>\n\t\t\t\t\t\t\t<\/div>","protected":false},"excerpt":{"rendered":"<p>\u00bfQu\u00e9 es homeschooling? Plan de aprendizaje individualizado basado en los objetivos de cada alumno, nivel acad\u00e9mico actual y estilo de aprendizaje. Se selecciona un equipo profesional de apoyo acad\u00e9mico personalizado de maestros, asesores y consejeros para construir una base s\u00f3lida para el \u00e9xito. Conoce un poco acerca de uno de nuestros programas de Homeschool: Calvert [&hellip;]<\/p>","protected":false},"author":1,"featured_media":0,"parent":0,"menu_order":0,"comment_status":"closed","ping_status":"closed","template":"elementor_header_footer","meta":{"footnotes":""},"class_list":["post-638","page","type-page","status-publish","hentry"],"yoast_head":"<!-- This site is optimized with the Yoast SEO plugin v21.4 - https:\/\/yoast.com\/wordpress\/plugins\/seo\/ -->\n<title>Programas de Homeschooling - Bibliotech<\/title>\n<meta name=\"robots\" content=\"index, follow, max-snippet:-1, max-image-preview:large, max-video-preview:-1\" \/>\n<link rel=\"canonical\" href=\"https:\/\/bibliotech.com.gt\/en\/programas-de-homeschooling\/\" \/>\n<meta property=\"og:locale\" content=\"en_US\" \/>\n<meta property=\"og:type\" content=\"article\" \/>\n<meta property=\"og:title\" content=\"Programas de Homeschooling - Bibliotech\" \/>\n<meta property=\"og:description\" content=\"\u00bfQu\u00e9 es homeschooling? Plan de aprendizaje individualizado basado en los objetivos de cada alumno, nivel acad\u00e9mico actual y estilo de aprendizaje. Se selecciona un equipo profesional de apoyo acad\u00e9mico personalizado de maestros, asesores y consejeros para construir una base s\u00f3lida para el \u00e9xito. Conoce un poco acerca de uno de nuestros programas de Homeschool: Calvert [&hellip;]\" \/>\n<meta property=\"og:url\" content=\"https:\/\/bibliotech.com.gt\/en\/programas-de-homeschooling\/\" \/>\n<meta property=\"og:site_name\" content=\"Bibliotech\" \/>\n<meta property=\"article:modified_time\" content=\"2022-06-10T04:00:30+00:00\" \/>\n<meta property=\"og:image\" content=\"https:\/\/dev-bibliotech-sw.pantheonsite.io\/wp-content\/uploads\/2022\/04\/blended_2.png\" \/>\n<meta name=\"twitter:card\" content=\"summary_large_image\" \/>\n<script type=\"application\/ld+json\" class=\"yoast-schema-graph\">{\"@context\":\"https:\/\/schema.org\",\"@graph\":[{\"@type\":\"WebPage\",\"@id\":\"https:\/\/bibliotech.com.gt\/programas-de-homeschooling\/\",\"url\":\"https:\/\/bibliotech.com.gt\/programas-de-homeschooling\/\",\"name\":\"Programas de Homeschooling - Bibliotech\",\"isPartOf\":{\"@id\":\"https:\/\/bibliotech.com.gt\/#website\"},\"datePublished\":\"2022-04-07T15:48:04+00:00\",\"dateModified\":\"2022-06-10T04:00:30+00:00\",\"breadcrumb\":{\"@id\":\"https:\/\/bibliotech.com.gt\/programas-de-homeschooling\/#breadcrumb\"},\"inLanguage\":\"en-US\",\"potentialAction\":[{\"@type\":\"ReadAction\",\"target\":[\"https:\/\/bibliotech.com.gt\/programas-de-homeschooling\/\"]}]},{\"@type\":\"BreadcrumbList\",\"@id\":\"https:\/\/bibliotech.com.gt\/programas-de-homeschooling\/#breadcrumb\",\"itemListElement\":[{\"@type\":\"ListItem\",\"position\":1,\"name\":\"Home\",\"item\":\"https:\/\/bibliotech.com.gt\/\"},{\"@type\":\"ListItem\",\"position\":2,\"name\":\"Programas de Homeschooling\"}]},{\"@type\":\"WebSite\",\"@id\":\"https:\/\/bibliotech.com.gt\/#website\",\"url\":\"https:\/\/bibliotech.com.gt\/\",\"name\":\"Bibliotech\",\"description\":\"\",\"potentialAction\":[{\"@type\":\"SearchAction\",\"target\":{\"@type\":\"EntryPoint\",\"urlTemplate\":\"https:\/\/bibliotech.com.gt\/?s={search_term_string}\"},\"query-input\":\"required name=search_term_string\"}],\"inLanguage\":\"en-US\"}]}<\/script>\n<!-- \/ Yoast SEO plugin. -->","yoast_head_json":{"title":"Programas de Homeschooling - Bibliotech","robots":{"index":"index","follow":"follow","max-snippet":"max-snippet:-1","max-image-preview":"max-image-preview:large","max-video-preview":"max-video-preview:-1"},"canonical":"https:\/\/bibliotech.com.gt\/en\/programas-de-homeschooling\/","og_locale":"en_US","og_type":"article","og_title":"Programas de Homeschooling - Bibliotech","og_description":"\u00bfQu\u00e9 es homeschooling? Plan de aprendizaje individualizado basado en los objetivos de cada alumno, nivel acad\u00e9mico actual y estilo de aprendizaje. Se selecciona un equipo profesional de apoyo acad\u00e9mico personalizado de maestros, asesores y consejeros para construir una base s\u00f3lida para el \u00e9xito. Conoce un poco acerca de uno de nuestros programas de Homeschool: Calvert [&hellip;]","og_url":"https:\/\/bibliotech.com.gt\/en\/programas-de-homeschooling\/","og_site_name":"Bibliotech","article_modified_time":"2022-06-10T04:00:30+00:00","og_image":[{"url":"https:\/\/dev-bibliotech-sw.pantheonsite.io\/wp-content\/uploads\/2022\/04\/blended_2.png"}],"twitter_card":"summary_large_image","schema":{"@context":"https:\/\/schema.org","@graph":[{"@type":"WebPage","@id":"https:\/\/bibliotech.com.gt\/programas-de-homeschooling\/","url":"https:\/\/bibliotech.com.gt\/programas-de-homeschooling\/","name":"Programas de Homeschooling - Bibliotech","isPartOf":{"@id":"https:\/\/bibliotech.com.gt\/#website"},"datePublished":"2022-04-07T15:48:04+00:00","dateModified":"2022-06-10T04:00:30+00:00","breadcrumb":{"@id":"https:\/\/bibliotech.com.gt\/programas-de-homeschooling\/#breadcrumb"},"inLanguage":"en-US","potentialAction":[{"@type":"ReadAction","target":["https:\/\/bibliotech.com.gt\/programas-de-homeschooling\/"]}]},{"@type":"BreadcrumbList","@id":"https:\/\/bibliotech.com.gt\/programas-de-homeschooling\/#breadcrumb","itemListElement":[{"@type":"ListItem","position":1,"name":"Home","item":"https:\/\/bibliotech.com.gt\/"},{"@type":"ListItem","position":2,"name":"Programas de Homeschooling"}]},{"@type":"WebSite","@id":"https:\/\/bibliotech.com.gt\/#website","url":"https:\/\/bibliotech.com.gt\/","name":"Bibliotech","description":"","potentialAction":[{"@type":"SearchAction","target":{"@type":"EntryPoint","urlTemplate":"https:\/\/bibliotech.com.gt\/?s={search_term_string}"},"query-input":"required name=search_term_string"}],"inLanguage":"en-US"}]}},"_links":{"self":[{"href":"https:\/\/bibliotech.com.gt\/en\/wp-json\/wp\/v2\/pages\/638","targetHints":{"allow":["GET"]}}],"collection":[{"href":"https:\/\/bibliotech.com.gt\/en\/wp-json\/wp\/v2\/pages"}],"about":[{"href":"https:\/\/bibliotech.com.gt\/en\/wp-json\/wp\/v2\/types\/page"}],"author":[{"embeddable":true,"href":"https:\/\/bibliotech.com.gt\/en\/wp-json\/wp\/v2\/users\/1"}],"replies":[{"embeddable":true,"href":"https:\/\/bibliotech.com.gt\/en\/wp-json\/wp\/v2\/comments?post=638"}],"version-history":[{"count":163,"href":"https:\/\/bibliotech.com.gt\/en\/wp-json\/wp\/v2\/pages\/638\/revisions"}],"predecessor-version":[{"id":2999,"href":"https:\/\/bibliotech.com.gt\/en\/wp-json\/wp\/v2\/pages\/638\/revisions\/2999"}],"wp:attachment":[{"href":"https:\/\/bibliotech.com.gt\/en\/wp-json\/wp\/v2\/media?parent=638"}],"curies":[{"name":"wp","href":"https:\/\/api.w.org\/{rel}","templated":true}]}}