{"id":604,"date":"2022-04-06T21:54:42","date_gmt":"2022-04-06T19:54:42","guid":{"rendered":"https:\/\/dev-bibliotech-sw.pantheonsite.io\/?page_id=604"},"modified":"2024-09-18T00:15:21","modified_gmt":"2024-09-17T22:15:21","slug":"por-que-bibliotech","status":"publish","type":"page","link":"https:\/\/bibliotech.com.gt\/en\/por-que-bibliotech\/","title":{"rendered":"Why Bibliotech?"},"content":{"rendered":"<div data-elementor-type=\"wp-page\" data-elementor-id=\"604\" class=\"elementor elementor-604\">\n\t\t\t\t\t\t\t\t\t<section class=\"elementor-section elementor-top-section elementor-element elementor-element-50783a0 elementor-section-boxed elementor-section-height-default elementor-section-height-default\" data-id=\"50783a0\" data-element_type=\"section\">\n\t\t\t\t\t\t<div class=\"elementor-container elementor-column-gap-default\">\n\t\t\t\t\t<div class=\"elementor-column elementor-col-50 elementor-top-column elementor-element elementor-element-aced6d7\" data-id=\"aced6d7\" data-element_type=\"column\">\n\t\t\t<div class=\"elementor-widget-wrap elementor-element-populated\">\n\t\t\t\t\t\t\t\t<div class=\"elementor-element elementor-element-bee9b48 elementor-widget elementor-widget-image\" data-id=\"bee9b48\" data-element_type=\"widget\" data-widget_type=\"image.default\">\n\t\t\t\t<div class=\"elementor-widget-container\">\n\t\t\t<style>\/*! elementor - v3.7.8 - 02-10-2022 *\/\n.elementor-widget-image{text-align:center}.elementor-widget-image a{display:inline-block}.elementor-widget-image a img[src$=\".svg\"]{width:48px}.elementor-widget-image img{vertical-align:middle;display:inline-block}<\/style>\t\t\t\t\t\t\t\t\t\t\t\t<img loading=\"lazy\" decoding=\"async\" width=\"654\" height=\"568\" src=\"https:\/\/bibliotech.com.gt\/wp-content\/uploads\/2022\/04\/por-que-bibliotech.png\" class=\"attachment-full size-full\" alt=\"\" srcset=\"https:\/\/bibliotech.com.gt\/wp-content\/uploads\/2022\/04\/por-que-bibliotech.png 654w, https:\/\/bibliotech.com.gt\/wp-content\/uploads\/2022\/04\/por-que-bibliotech-300x261.png 300w\" sizes=\"auto, (max-width: 654px) 100vw, 654px\" \/>\t\t\t\t\t\t\t\t\t\t\t\t\t\t\t<\/div>\n\t\t\t\t<\/div>\n\t\t\t\t\t<\/div>\n\t\t<\/div>\n\t\t\t\t<div class=\"elementor-column elementor-col-50 elementor-top-column elementor-element elementor-element-2a95c87\" data-id=\"2a95c87\" data-element_type=\"column\">\n\t\t\t<div class=\"elementor-widget-wrap elementor-element-populated\">\n\t\t\t\t\t\t\t\t<div class=\"elementor-element elementor-element-c1ad7aa elementor-widget elementor-widget-text-editor\" data-id=\"c1ad7aa\" data-element_type=\"widget\" data-widget_type=\"text-editor.default\">\n\t\t\t\t<div class=\"elementor-widget-container\">\n\t\t\t<style>\/*! elementor - v3.7.8 - 02-10-2022 *\/\n.elementor-widget-text-editor.elementor-drop-cap-view-stacked .elementor-drop-cap{background-color:#818a91;color:#fff}.elementor-widget-text-editor.elementor-drop-cap-view-framed .elementor-drop-cap{color:#818a91;border:3px solid;background-color:transparent}.elementor-widget-text-editor:not(.elementor-drop-cap-view-default) .elementor-drop-cap{margin-top:8px}.elementor-widget-text-editor:not(.elementor-drop-cap-view-default) .elementor-drop-cap-letter{width:1em;height:1em}.elementor-widget-text-editor .elementor-drop-cap{float:left;text-align:center;line-height:1;font-size:50px}.elementor-widget-text-editor .elementor-drop-cap-letter{display:inline-block}<\/style>\t\t\t\t<p class=\"MsoNormal\"><span lang=\"EN-US\">Why Bibliotech?<\/span><\/p>\t\t\t\t\t\t<\/div>\n\t\t\t\t<\/div>\n\t\t\t\t<div class=\"elementor-element elementor-element-4f53a14 elementor-widget elementor-widget-text-editor\" data-id=\"4f53a14\" data-element_type=\"widget\" data-widget_type=\"text-editor.default\">\n\t\t\t\t<div class=\"elementor-widget-container\">\n\t\t\t\t\t\t\t<p>Bibliotech is born in <strong>January 1991<\/strong>, as a personalized tutoring focused on supporting students with school reinforcement during the afternoons. Initially our focus was on numeracy and science classes. Due to the needs of our students, over time we specialized in other subjects.<\/p><p id=\"tw-target-text\" class=\"tw-data-text tw-text-large tw-ta\" dir=\"ltr\" data-placeholder=\"Traducci\u00f3n\" data-ved=\"2ahUKEwjdndHf8vaEAxU1X_EDHQ3iDf4Q3ewLegQIEBAU\"><span class=\"Y2IQFc\" lang=\"es\">Currently Bibliotech is a <strong>Blended Learning Academy<\/strong> that offers different education programs, both national and American, tailored to various student profiles and learning needs. We provide study programs for Elementary, Secondary, and University levels, utilizing cutting-edge technology platforms in conjunction with personalized tutorial support.<\/span><\/p>\t\t\t\t\t\t<\/div>\n\t\t\t\t<\/div>\n\t\t\t\t\t<\/div>\n\t\t<\/div>\n\t\t\t\t\t\t\t<\/div>\n\t\t<\/section>\n\t\t\t\t<section class=\"elementor-section elementor-top-section elementor-element elementor-element-d31aa8f elementor-section-boxed elementor-section-height-default elementor-section-height-default\" data-id=\"d31aa8f\" data-element_type=\"section\">\n\t\t\t\t\t\t<div class=\"elementor-container elementor-column-gap-default\">\n\t\t\t\t\t<div class=\"elementor-column elementor-col-100 elementor-top-column elementor-element elementor-element-4971401\" data-id=\"4971401\" data-element_type=\"column\">\n\t\t\t<div class=\"elementor-widget-wrap elementor-element-populated\">\n\t\t\t\t\t\t\t\t<section class=\"elementor-section elementor-inner-section elementor-element elementor-element-767989d elementor-section-boxed elementor-section-height-default elementor-section-height-default\" data-id=\"767989d\" data-element_type=\"section\">\n\t\t\t\t\t\t<div class=\"elementor-container elementor-column-gap-default\">\n\t\t\t\t\t<div class=\"elementor-column elementor-col-50 elementor-inner-column elementor-element elementor-element-8f62f96\" data-id=\"8f62f96\" data-element_type=\"column\">\n\t\t\t<div class=\"elementor-widget-wrap elementor-element-populated\">\n\t\t\t\t\t\t\t\t<div class=\"elementor-element elementor-element-494be49 elementor-widget elementor-widget-text-editor\" data-id=\"494be49\" data-element_type=\"widget\" data-widget_type=\"text-editor.default\">\n\t\t\t\t<div class=\"elementor-widget-container\">\n\t\t\t\t\t\t\t<p><span class=\"Y2IQFc\" lang=\"es\">Our partnered programs allow us to make the necessary adaptations, so that our students can carry out a learning process according to their <strong>needs and strengths<\/strong>. <\/span><span class=\"Y2IQFc\" lang=\"es\">We truly believe that each student is unique in their way and that they learn differently. That\u2019s why our main focus here at Bibliotech is to provide them with the tools and strategies to excel not only on a personal level but also on a professional level. <\/span><\/p><p><span class=\"Y2IQFc\" lang=\"es\">With this in mind, we also have extensive experience working with high-performance athletes, offering <strong>flexibility and customized scheduling<\/strong>. Our small, well-attended group dynamics enable athletes to balance their academic life with their daily sports discipline.<\/span><\/p>\t\t\t\t\t\t<\/div>\n\t\t\t\t<\/div>\n\t\t\t\t\t<\/div>\n\t\t<\/div>\n\t\t\t\t<div class=\"elementor-column elementor-col-50 elementor-inner-column elementor-element elementor-element-21d3d5b\" data-id=\"21d3d5b\" data-element_type=\"column\">\n\t\t\t<div class=\"elementor-widget-wrap elementor-element-populated\">\n\t\t\t\t\t\t\t\t<div class=\"elementor-element elementor-element-09592f4 elementor-widget elementor-widget-text-editor\" data-id=\"09592f4\" data-element_type=\"widget\" data-widget_type=\"text-editor.default\">\n\t\t\t\t<div class=\"elementor-widget-container\">\n\t\t\t\t\t\t\t<p id=\"tw-target-text\" class=\"tw-data-text tw-text-large tw-ta\" dir=\"ltr\" data-placeholder=\"Traducci\u00f3n\" data-ved=\"2ahUKEwjdndHf8vaEAxU1X_EDHQ3iDf4Q3ewLegQIEBAU\"><span class=\"Y2IQFc\" lang=\"es\">Attendance at our facilities provides the social interaction that students should have, which is crucial during these developmental years. However, since COVID-19 we still <strong>offer hybrid and online options<\/strong>. With <strong>33 years of experience<\/strong> and a multidisciplinary professional team, Bibliotech focuses on developing student\u00b4s emotional intelligence, as we firmly believe it significantly contributes to an individual's success. The philosophy of the \"<strong>Growth mindset<\/strong>\" is our everyday ethos!<\/span><\/p>\t\t\t\t\t\t<\/div>\n\t\t\t\t<\/div>\n\t\t\t\t\t<\/div>\n\t\t<\/div>\n\t\t\t\t\t\t\t<\/div>\n\t\t<\/section>\n\t\t\t\t\t<\/div>\n\t\t<\/div>\n\t\t\t\t\t\t\t<\/div>\n\t\t<\/section>\n\t\t\t\t<section class=\"elementor-section elementor-top-section elementor-element elementor-element-f9233e5 elementor-section-boxed elementor-section-height-default elementor-section-height-default\" data-id=\"f9233e5\" data-element_type=\"section\">\n\t\t\t\t\t\t<div class=\"elementor-container elementor-column-gap-default\">\n\t\t\t\t\t<div class=\"elementor-column elementor-col-100 elementor-top-column elementor-element elementor-element-e1f35fe\" data-id=\"e1f35fe\" data-element_type=\"column\">\n\t\t\t<div class=\"elementor-widget-wrap elementor-element-populated\">\n\t\t\t\t\t\t\t\t<div class=\"elementor-element elementor-element-da59738 elementor-widget elementor-widget-spacer\" data-id=\"da59738\" data-element_type=\"widget\" data-widget_type=\"spacer.default\">\n\t\t\t\t<div class=\"elementor-widget-container\">\n\t\t\t<style>\/*! elementor - v3.7.8 - 02-10-2022 *\/\n.elementor-column .elementor-spacer-inner{height:var(--spacer-size)}.e-container{--container-widget-width:100%}.e-container>.elementor-widget-spacer{width:var(--container-widget-width,var(--spacer-size));-ms-flex-item-align:stretch;align-self:stretch;-ms-flex-negative:0;flex-shrink:0}.e-container>.elementor-widget-spacer>.elementor-widget-container,.e-container>.elementor-widget-spacer>.elementor-widget-container>.elementor-spacer{height:100%}.e-container>.elementor-widget-spacer>.elementor-widget-container>.elementor-spacer>.elementor-spacer-inner{height:var(--container-widget-height,var(--spacer-size))}<\/style>\t\t<div class=\"elementor-spacer\">\n\t\t\t<div class=\"elementor-spacer-inner\"><\/div>\n\t\t<\/div>\n\t\t\t\t<\/div>\n\t\t\t\t<\/div>\n\t\t\t\t\t<\/div>\n\t\t<\/div>\n\t\t\t\t\t\t\t<\/div>\n\t\t<\/section>\n\t\t\t\t\t\t\t<\/div>","protected":false},"excerpt":{"rendered":"<p>\u00bfPor qu\u00e9 Bibliotech? Bibliotech nace en enero de 1991, como una tutor\u00eda personalizada enfocada en apoyar a alumnos con refuerzo escolar durante las tardes. Inicialmente nuestro enfoque fue en clases num\u00e9ricas y cient\u00edficas. Debido a las necesidades de nuestros alumnos, conforme el tiempo fuimos especializ\u00e1ndonos en otras materias. Actualmente Bibliotech es una academia Blended Learning [&hellip;]<\/p>","protected":false},"author":1,"featured_media":0,"parent":0,"menu_order":0,"comment_status":"closed","ping_status":"closed","template":"elementor_header_footer","meta":{"footnotes":""},"class_list":["post-604","page","type-page","status-publish","hentry"],"yoast_head":"<!-- This site is optimized with the Yoast SEO plugin v21.4 - https:\/\/yoast.com\/wordpress\/plugins\/seo\/ -->\n<title>\u00bfPor qu\u00e9 Bibliotech? - Bibliotech<\/title>\n<meta name=\"robots\" content=\"index, follow, max-snippet:-1, max-image-preview:large, max-video-preview:-1\" \/>\n<link rel=\"canonical\" href=\"https:\/\/bibliotech.com.gt\/en\/por-que-bibliotech\/\" \/>\n<meta property=\"og:locale\" content=\"en_US\" \/>\n<meta property=\"og:type\" content=\"article\" \/>\n<meta property=\"og:title\" content=\"\u00bfPor qu\u00e9 Bibliotech? - Bibliotech\" \/>\n<meta property=\"og:description\" content=\"\u00bfPor qu\u00e9 Bibliotech? Bibliotech nace en enero de 1991, como una tutor\u00eda personalizada enfocada en apoyar a alumnos con refuerzo escolar durante las tardes. Inicialmente nuestro enfoque fue en clases num\u00e9ricas y cient\u00edficas. Debido a las necesidades de nuestros alumnos, conforme el tiempo fuimos especializ\u00e1ndonos en otras materias. Actualmente Bibliotech es una academia Blended Learning [&hellip;]\" \/>\n<meta property=\"og:url\" content=\"https:\/\/bibliotech.com.gt\/en\/por-que-bibliotech\/\" \/>\n<meta property=\"og:site_name\" content=\"Bibliotech\" \/>\n<meta property=\"article:modified_time\" content=\"2024-09-17T22:15:21+00:00\" \/>\n<meta property=\"og:image\" content=\"https:\/\/bibliotech.com.gt\/wp-content\/uploads\/2024\/02\/image-49-1.png\" \/>\n\t<meta property=\"og:image:width\" content=\"967\" \/>\n\t<meta property=\"og:image:height\" content=\"662\" \/>\n\t<meta property=\"og:image:type\" content=\"image\/png\" \/>\n<meta name=\"twitter:card\" content=\"summary_large_image\" \/>\n<meta name=\"twitter:label1\" content=\"Est. reading time\" \/>\n\t<meta name=\"twitter:data1\" content=\"2 minutes\" \/>\n<script type=\"application\/ld+json\" class=\"yoast-schema-graph\">{\"@context\":\"https:\/\/schema.org\",\"@graph\":[{\"@type\":\"WebPage\",\"@id\":\"https:\/\/bibliotech.com.gt\/por-que-bibliotech\/\",\"url\":\"https:\/\/bibliotech.com.gt\/por-que-bibliotech\/\",\"name\":\"\u00bfPor qu\u00e9 Bibliotech? - Bibliotech\",\"isPartOf\":{\"@id\":\"https:\/\/bibliotech.com.gt\/#website\"},\"datePublished\":\"2022-04-06T19:54:42+00:00\",\"dateModified\":\"2024-09-17T22:15:21+00:00\",\"breadcrumb\":{\"@id\":\"https:\/\/bibliotech.com.gt\/por-que-bibliotech\/#breadcrumb\"},\"inLanguage\":\"en-US\",\"potentialAction\":[{\"@type\":\"ReadAction\",\"target\":[\"https:\/\/bibliotech.com.gt\/por-que-bibliotech\/\"]}]},{\"@type\":\"BreadcrumbList\",\"@id\":\"https:\/\/bibliotech.com.gt\/por-que-bibliotech\/#breadcrumb\",\"itemListElement\":[{\"@type\":\"ListItem\",\"position\":1,\"name\":\"Home\",\"item\":\"https:\/\/bibliotech.com.gt\/\"},{\"@type\":\"ListItem\",\"position\":2,\"name\":\"\u00bfPor qu\u00e9 Bibliotech?\"}]},{\"@type\":\"WebSite\",\"@id\":\"https:\/\/bibliotech.com.gt\/#website\",\"url\":\"https:\/\/bibliotech.com.gt\/\",\"name\":\"Bibliotech\",\"description\":\"\",\"potentialAction\":[{\"@type\":\"SearchAction\",\"target\":{\"@type\":\"EntryPoint\",\"urlTemplate\":\"https:\/\/bibliotech.com.gt\/?s={search_term_string}\"},\"query-input\":\"required name=search_term_string\"}],\"inLanguage\":\"en-US\"}]}<\/script>\n<!-- \/ Yoast SEO plugin. -->","yoast_head_json":{"title":"\u00bfPor qu\u00e9 Bibliotech? - Bibliotech","robots":{"index":"index","follow":"follow","max-snippet":"max-snippet:-1","max-image-preview":"max-image-preview:large","max-video-preview":"max-video-preview:-1"},"canonical":"https:\/\/bibliotech.com.gt\/en\/por-que-bibliotech\/","og_locale":"en_US","og_type":"article","og_title":"\u00bfPor qu\u00e9 Bibliotech? - Bibliotech","og_description":"\u00bfPor qu\u00e9 Bibliotech? Bibliotech nace en enero de 1991, como una tutor\u00eda personalizada enfocada en apoyar a alumnos con refuerzo escolar durante las tardes. Inicialmente nuestro enfoque fue en clases num\u00e9ricas y cient\u00edficas. Debido a las necesidades de nuestros alumnos, conforme el tiempo fuimos especializ\u00e1ndonos en otras materias. Actualmente Bibliotech es una academia Blended Learning [&hellip;]","og_url":"https:\/\/bibliotech.com.gt\/en\/por-que-bibliotech\/","og_site_name":"Bibliotech","article_modified_time":"2024-09-17T22:15:21+00:00","og_image":[{"width":967,"height":662,"url":"https:\/\/bibliotech.com.gt\/wp-content\/uploads\/2024\/02\/image-49-1.png","type":"image\/png"}],"twitter_card":"summary_large_image","twitter_misc":{"Est. reading time":"2 minutes"},"schema":{"@context":"https:\/\/schema.org","@graph":[{"@type":"WebPage","@id":"https:\/\/bibliotech.com.gt\/por-que-bibliotech\/","url":"https:\/\/bibliotech.com.gt\/por-que-bibliotech\/","name":"\u00bfPor qu\u00e9 Bibliotech? - Bibliotech","isPartOf":{"@id":"https:\/\/bibliotech.com.gt\/#website"},"datePublished":"2022-04-06T19:54:42+00:00","dateModified":"2024-09-17T22:15:21+00:00","breadcrumb":{"@id":"https:\/\/bibliotech.com.gt\/por-que-bibliotech\/#breadcrumb"},"inLanguage":"en-US","potentialAction":[{"@type":"ReadAction","target":["https:\/\/bibliotech.com.gt\/por-que-bibliotech\/"]}]},{"@type":"BreadcrumbList","@id":"https:\/\/bibliotech.com.gt\/por-que-bibliotech\/#breadcrumb","itemListElement":[{"@type":"ListItem","position":1,"name":"Home","item":"https:\/\/bibliotech.com.gt\/"},{"@type":"ListItem","position":2,"name":"\u00bfPor qu\u00e9 Bibliotech?"}]},{"@type":"WebSite","@id":"https:\/\/bibliotech.com.gt\/#website","url":"https:\/\/bibliotech.com.gt\/","name":"Bibliotech","description":"","potentialAction":[{"@type":"SearchAction","target":{"@type":"EntryPoint","urlTemplate":"https:\/\/bibliotech.com.gt\/?s={search_term_string}"},"query-input":"required name=search_term_string"}],"inLanguage":"en-US"}]}},"_links":{"self":[{"href":"https:\/\/bibliotech.com.gt\/en\/wp-json\/wp\/v2\/pages\/604","targetHints":{"allow":["GET"]}}],"collection":[{"href":"https:\/\/bibliotech.com.gt\/en\/wp-json\/wp\/v2\/pages"}],"about":[{"href":"https:\/\/bibliotech.com.gt\/en\/wp-json\/wp\/v2\/types\/page"}],"author":[{"embeddable":true,"href":"https:\/\/bibliotech.com.gt\/en\/wp-json\/wp\/v2\/users\/1"}],"replies":[{"embeddable":true,"href":"https:\/\/bibliotech.com.gt\/en\/wp-json\/wp\/v2\/comments?post=604"}],"version-history":[{"count":62,"href":"https:\/\/bibliotech.com.gt\/en\/wp-json\/wp\/v2\/pages\/604\/revisions"}],"predecessor-version":[{"id":6202,"href":"https:\/\/bibliotech.com.gt\/en\/wp-json\/wp\/v2\/pages\/604\/revisions\/6202"}],"wp:attachment":[{"href":"https:\/\/bibliotech.com.gt\/en\/wp-json\/wp\/v2\/media?parent=604"}],"curies":[{"name":"wp","href":"https:\/\/api.w.org\/{rel}","templated":true}]}}