{"id":2070,"date":"2022-06-08T21:33:47","date_gmt":"2022-06-08T19:33:47","guid":{"rendered":"https:\/\/dev-bibliotech-sw.pantheonsite.io\/?page_id=2070"},"modified":"2022-10-04T19:08:16","modified_gmt":"2022-10-04T17:08:16","slug":"universidad","status":"publish","type":"page","link":"https:\/\/bibliotech.com.gt\/en\/universidad\/","title":{"rendered":"University"},"content":{"rendered":"<div data-elementor-type=\"wp-page\" data-elementor-id=\"2070\" class=\"elementor elementor-2070\">\n\t\t\t\t\t\t\t\t\t<section class=\"elementor-section elementor-top-section elementor-element elementor-element-2d68dbe elementor-section-boxed elementor-section-height-default elementor-section-height-default\" data-id=\"2d68dbe\" data-element_type=\"section\">\n\t\t\t\t\t\t<div class=\"elementor-container elementor-column-gap-default\">\n\t\t\t\t\t<div class=\"elementor-column elementor-col-100 elementor-top-column elementor-element elementor-element-241d94e\" data-id=\"241d94e\" data-element_type=\"column\">\n\t\t\t<div class=\"elementor-widget-wrap elementor-element-populated\">\n\t\t\t\t\t\t\t\t<section class=\"elementor-section elementor-inner-section elementor-element elementor-element-c3d6af9 elementor-section-boxed elementor-section-height-default elementor-section-height-default\" data-id=\"c3d6af9\" data-element_type=\"section\">\n\t\t\t\t\t\t<div class=\"elementor-container elementor-column-gap-default\">\n\t\t\t\t\t<div class=\"elementor-column elementor-col-50 elementor-inner-column elementor-element elementor-element-5db5e77\" data-id=\"5db5e77\" data-element_type=\"column\">\n\t\t\t<div class=\"elementor-widget-wrap elementor-element-populated\">\n\t\t\t\t\t\t\t\t<div class=\"elementor-element elementor-element-db5056e elementor-widget elementor-widget-image\" data-id=\"db5056e\" data-element_type=\"widget\" data-widget_type=\"image.default\">\n\t\t\t\t<div class=\"elementor-widget-container\">\n\t\t\t<style>\/*! elementor - v3.7.8 - 02-10-2022 *\/\n.elementor-widget-image{text-align:center}.elementor-widget-image a{display:inline-block}.elementor-widget-image a img[src$=\".svg\"]{width:48px}.elementor-widget-image img{vertical-align:middle;display:inline-block}<\/style>\t\t\t\t\t\t\t\t\t\t\t\t<img loading=\"lazy\" decoding=\"async\" width=\"583\" height=\"802\" src=\"https:\/\/bibliotech.com.gt\/wp-content\/uploads\/2022\/04\/ninaprogramas.png\" class=\"attachment-large size-large\" alt=\"\" srcset=\"https:\/\/bibliotech.com.gt\/wp-content\/uploads\/2022\/04\/ninaprogramas.png 583w, https:\/\/bibliotech.com.gt\/wp-content\/uploads\/2022\/04\/ninaprogramas-218x300.png 218w\" sizes=\"auto, (max-width: 583px) 100vw, 583px\" \/>\t\t\t\t\t\t\t\t\t\t\t\t\t\t\t<\/div>\n\t\t\t\t<\/div>\n\t\t\t\t\t<\/div>\n\t\t<\/div>\n\t\t\t\t<div class=\"elementor-column elementor-col-50 elementor-inner-column elementor-element elementor-element-199a810\" data-id=\"199a810\" data-element_type=\"column\">\n\t\t\t<div class=\"elementor-widget-wrap elementor-element-populated\">\n\t\t\t\t\t\t\t\t<div class=\"elementor-element elementor-element-df44578 elementor-widget elementor-widget-heading\" data-id=\"df44578\" data-element_type=\"widget\" data-widget_type=\"heading.default\">\n\t\t\t\t<div class=\"elementor-widget-container\">\n\t\t\t<style>\/*! elementor - v3.7.8 - 02-10-2022 *\/\n.elementor-heading-title{padding:0;margin:0;line-height:1}.elementor-widget-heading .elementor-heading-title[class*=elementor-size-]>a{color:inherit;font-size:inherit;line-height:inherit}.elementor-widget-heading .elementor-heading-title.elementor-size-small{font-size:15px}.elementor-widget-heading .elementor-heading-title.elementor-size-medium{font-size:19px}.elementor-widget-heading .elementor-heading-title.elementor-size-large{font-size:29px}.elementor-widget-heading .elementor-heading-title.elementor-size-xl{font-size:39px}.elementor-widget-heading .elementor-heading-title.elementor-size-xxl{font-size:59px}<\/style><h2 class=\"elementor-heading-title elementor-size-default\">University<\/h2>\t\t<\/div>\n\t\t\t\t<\/div>\n\t\t\t\t<div class=\"elementor-element elementor-element-7736ed3 segmentcl elementor-widget elementor-widget-toggle\" data-id=\"7736ed3\" data-element_type=\"widget\" data-widget_type=\"toggle.default\">\n\t\t\t\t<div class=\"elementor-widget-container\">\n\t\t\t<style>\/*! elementor - v3.7.8 - 02-10-2022 *\/\n.elementor-toggle{text-align:left}.elementor-toggle .elementor-tab-title{font-weight:700;line-height:1;margin:0;padding:15px;border-bottom:1px solid #d4d4d4;cursor:pointer;outline:none}.elementor-toggle .elementor-tab-title .elementor-toggle-icon{display:inline-block;width:1em}.elementor-toggle .elementor-tab-title .elementor-toggle-icon svg{-webkit-margin-start:-5px;margin-inline-start:-5px;width:1em;height:1em}.elementor-toggle .elementor-tab-title .elementor-toggle-icon.elementor-toggle-icon-right{float:right;text-align:right}.elementor-toggle .elementor-tab-title .elementor-toggle-icon.elementor-toggle-icon-left{float:left;text-align:left}.elementor-toggle .elementor-tab-title .elementor-toggle-icon .elementor-toggle-icon-closed{display:block}.elementor-toggle .elementor-tab-title .elementor-toggle-icon .elementor-toggle-icon-opened{display:none}.elementor-toggle .elementor-tab-title.elementor-active{border-bottom:none}.elementor-toggle .elementor-tab-title.elementor-active .elementor-toggle-icon-closed{display:none}.elementor-toggle .elementor-tab-title.elementor-active .elementor-toggle-icon-opened{display:block}.elementor-toggle .elementor-tab-content{padding:15px;border-bottom:1px solid #d4d4d4;display:none}@media (max-width:767px){.elementor-toggle .elementor-tab-title{padding:12px}.elementor-toggle .elementor-tab-content{padding:12px 10px}}.e-container>.elementor-widget-toggle{width:var(--container-widget-width,100%)}<\/style>\t\t<div class=\"elementor-toggle\" role=\"tablist\">\n\t\t\t\t\t\t\t<div class=\"elementor-toggle-item\">\n\t\t\t\t\t<div id=\"elementor-tab-title-1251\" class=\"elementor-tab-title\" data-tab=\"1\" role=\"tab\" aria-controls=\"elementor-tab-content-1251\" aria-expanded=\"false\">\n\t\t\t\t\t\t\t\t\t\t\t\t<span class=\"elementor-toggle-icon elementor-toggle-icon-right\" aria-hidden=\"true\">\n\t\t\t\t\t\t\t\t\t\t\t\t\t\t\t<span class=\"elementor-toggle-icon-closed\"><svg xmlns=\"http:\/\/www.w3.org\/2000\/svg\" xmlns:xlink=\"http:\/\/www.w3.org\/1999\/xlink\" xmlns:svgjs=\"http:\/\/svgjs.com\/svgjs\" width=\"512\" height=\"512\" x=\"0\" y=\"0\" viewbox=\"0 0 490.4 490.4\" style=\"enable-background:new 0 0 512 512\" xml:space=\"preserve\" class=\"\"><g><g xmlns=\"http:\/\/www.w3.org\/2000\/svg\">\t<g>\t\t<path d=\"M490.4,245.2C490.4,110,380.4,0,245.2,0S0,110,0,245.2s110,245.2,245.2,245.2S490.4,380.4,490.4,245.2z M24.5,245.2    c0-121.7,99-220.7,220.7-220.7s220.7,99,220.7,220.7s-99,220.7-220.7,220.7S24.5,366.9,24.5,245.2z\" fill=\"#ffffff\" data-original=\"#000000\" class=\"\"><\/path>\t\t<path d=\"M253.9,360.4l68.9-68.9c4.8-4.8,4.8-12.5,0-17.3s-12.5-4.8-17.3,0l-48,48V138.7c0-6.8-5.5-12.3-12.3-12.3    s-12.3,5.5-12.3,12.3v183.4l-48-48c-4.8-4.8-12.5-4.8-17.3,0s-4.8,12.5,0,17.3l68.9,68.9c2.4,2.4,5.5,3.6,8.7,3.6    S251.5,362.8,253.9,360.4z\" fill=\"#ffffff\" data-original=\"#000000\" class=\"\"><\/path>\t<\/g><\/g><g xmlns=\"http:\/\/www.w3.org\/2000\/svg\"><\/g><g xmlns=\"http:\/\/www.w3.org\/2000\/svg\"><\/g><g xmlns=\"http:\/\/www.w3.org\/2000\/svg\"><\/g><g xmlns=\"http:\/\/www.w3.org\/2000\/svg\"><\/g><g xmlns=\"http:\/\/www.w3.org\/2000\/svg\"><\/g><g xmlns=\"http:\/\/www.w3.org\/2000\/svg\"><\/g><g xmlns=\"http:\/\/www.w3.org\/2000\/svg\"><\/g><g xmlns=\"http:\/\/www.w3.org\/2000\/svg\"><\/g><g xmlns=\"http:\/\/www.w3.org\/2000\/svg\"><\/g><g xmlns=\"http:\/\/www.w3.org\/2000\/svg\"><\/g><g xmlns=\"http:\/\/www.w3.org\/2000\/svg\"><\/g><g xmlns=\"http:\/\/www.w3.org\/2000\/svg\"><\/g><g xmlns=\"http:\/\/www.w3.org\/2000\/svg\"><\/g><g xmlns=\"http:\/\/www.w3.org\/2000\/svg\"><\/g><g xmlns=\"http:\/\/www.w3.org\/2000\/svg\"><\/g><\/g><\/svg><\/span>\n\t\t\t\t\t\t\t\t<span class=\"elementor-toggle-icon-opened\"><svg xmlns=\"http:\/\/www.w3.org\/2000\/svg\" xmlns:xlink=\"http:\/\/www.w3.org\/1999\/xlink\" xmlns:svgjs=\"http:\/\/svgjs.com\/svgjs\" width=\"512\" height=\"512\" x=\"0\" y=\"0\" viewbox=\"0 0 512 512\" style=\"enable-background:new 0 0 512 512\" xml:space=\"preserve\" class=\"\"><g><path xmlns=\"http:\/\/www.w3.org\/2000\/svg\" d=\"m256 0c-141.2 0-256 114.8-256 256s114.8 256 256 256 256-114.8 256-256-114.8-256-256-256zm0 480c-123.5 0-224-100.5-224-224s100.5-224 224-224 224 100.5 224 224-100.5 224-224 224zm90.9-280.8c6.2 6.2 6.2 16.4 0 22.6s-16.4 6.2-22.6 0l-52.3-52.2v211.4c0 8.8-7.2 16-16 16s-16-7.2-16-16v-211.4l-52.2 52.2c-3.1 3.1-7.2 4.7-11.3 4.7s-8.2-1.6-11.3-4.7c-6.3-6.2-6.3-16.4 0-22.6l79.5-79.6c3-3 7.1-4.7 11.3-4.7s8.3 1.7 11.3 4.7z\" fill=\"#232763\" data-original=\"#000000\" class=\"\"><\/path><\/g><\/svg><\/span>\n\t\t\t\t\t\t\t\t\t\t\t\t\t<\/span>\n\t\t\t\t\t\t\t\t\t\t\t\t<a href=\"\" class=\"elementor-toggle-title\">Calvert Academy<\/a>\n\t\t\t\t\t<\/div>\n\n\t\t\t\t\t<div id=\"elementor-tab-content-1251\" class=\"elementor-tab-content elementor-clearfix\" data-tab=\"1\" role=\"tabpanel\" aria-labelledby=\"elementor-tab-title-1251\"><p style=\"text-align: justify;\">Asegura la entrada a una o m\u00e1s de <strong>18 Calvert Partner Universities<\/strong> by meeting the following requirements:<\/p><p style=\"text-align: justify;\">1. Complete 6 Calvert Academy Courses (6 credits)<\/p><p style=\"text-align: justify;\">2. Obtener un promedio final de High School de C como m\u00ednimo (GPA correspondiente a 2.5 m\u00ednimo).<\/p><p style=\"text-align: justify;\">3. Demonstrate English language proficiency by earning a 50 or higher on the Pearson Versant test.<\/p><p><a class=\"btnver\" href=\"https:\/\/www.calvertacademy.com\/\" target=\"_blank\" rel=\"noopener\" type=\"button\">see more<\/a><\/p><\/div>\n\t\t\t\t<\/div>\n\t\t\t\t\t\t\t<div class=\"elementor-toggle-item\">\n\t\t\t\t\t<div id=\"elementor-tab-title-1252\" class=\"elementor-tab-title\" data-tab=\"2\" role=\"tab\" aria-controls=\"elementor-tab-content-1252\" aria-expanded=\"false\">\n\t\t\t\t\t\t\t\t\t\t\t\t<span class=\"elementor-toggle-icon elementor-toggle-icon-right\" aria-hidden=\"true\">\n\t\t\t\t\t\t\t\t\t\t\t\t\t\t\t<span class=\"elementor-toggle-icon-closed\"><svg xmlns=\"http:\/\/www.w3.org\/2000\/svg\" xmlns:xlink=\"http:\/\/www.w3.org\/1999\/xlink\" xmlns:svgjs=\"http:\/\/svgjs.com\/svgjs\" width=\"512\" height=\"512\" x=\"0\" y=\"0\" viewbox=\"0 0 490.4 490.4\" style=\"enable-background:new 0 0 512 512\" xml:space=\"preserve\" class=\"\"><g><g xmlns=\"http:\/\/www.w3.org\/2000\/svg\">\t<g>\t\t<path d=\"M490.4,245.2C490.4,110,380.4,0,245.2,0S0,110,0,245.2s110,245.2,245.2,245.2S490.4,380.4,490.4,245.2z M24.5,245.2    c0-121.7,99-220.7,220.7-220.7s220.7,99,220.7,220.7s-99,220.7-220.7,220.7S24.5,366.9,24.5,245.2z\" fill=\"#ffffff\" data-original=\"#000000\" class=\"\"><\/path>\t\t<path d=\"M253.9,360.4l68.9-68.9c4.8-4.8,4.8-12.5,0-17.3s-12.5-4.8-17.3,0l-48,48V138.7c0-6.8-5.5-12.3-12.3-12.3    s-12.3,5.5-12.3,12.3v183.4l-48-48c-4.8-4.8-12.5-4.8-17.3,0s-4.8,12.5,0,17.3l68.9,68.9c2.4,2.4,5.5,3.6,8.7,3.6    S251.5,362.8,253.9,360.4z\" fill=\"#ffffff\" data-original=\"#000000\" class=\"\"><\/path>\t<\/g><\/g><g xmlns=\"http:\/\/www.w3.org\/2000\/svg\"><\/g><g xmlns=\"http:\/\/www.w3.org\/2000\/svg\"><\/g><g xmlns=\"http:\/\/www.w3.org\/2000\/svg\"><\/g><g xmlns=\"http:\/\/www.w3.org\/2000\/svg\"><\/g><g xmlns=\"http:\/\/www.w3.org\/2000\/svg\"><\/g><g xmlns=\"http:\/\/www.w3.org\/2000\/svg\"><\/g><g xmlns=\"http:\/\/www.w3.org\/2000\/svg\"><\/g><g xmlns=\"http:\/\/www.w3.org\/2000\/svg\"><\/g><g xmlns=\"http:\/\/www.w3.org\/2000\/svg\"><\/g><g xmlns=\"http:\/\/www.w3.org\/2000\/svg\"><\/g><g xmlns=\"http:\/\/www.w3.org\/2000\/svg\"><\/g><g xmlns=\"http:\/\/www.w3.org\/2000\/svg\"><\/g><g xmlns=\"http:\/\/www.w3.org\/2000\/svg\"><\/g><g xmlns=\"http:\/\/www.w3.org\/2000\/svg\"><\/g><g xmlns=\"http:\/\/www.w3.org\/2000\/svg\"><\/g><\/g><\/svg><\/span>\n\t\t\t\t\t\t\t\t<span class=\"elementor-toggle-icon-opened\"><svg xmlns=\"http:\/\/www.w3.org\/2000\/svg\" xmlns:xlink=\"http:\/\/www.w3.org\/1999\/xlink\" xmlns:svgjs=\"http:\/\/svgjs.com\/svgjs\" width=\"512\" height=\"512\" x=\"0\" y=\"0\" viewbox=\"0 0 512 512\" style=\"enable-background:new 0 0 512 512\" xml:space=\"preserve\" class=\"\"><g><path xmlns=\"http:\/\/www.w3.org\/2000\/svg\" d=\"m256 0c-141.2 0-256 114.8-256 256s114.8 256 256 256 256-114.8 256-256-114.8-256-256-256zm0 480c-123.5 0-224-100.5-224-224s100.5-224 224-224 224 100.5 224 224-100.5 224-224 224zm90.9-280.8c6.2 6.2 6.2 16.4 0 22.6s-16.4 6.2-22.6 0l-52.3-52.2v211.4c0 8.8-7.2 16-16 16s-16-7.2-16-16v-211.4l-52.2 52.2c-3.1 3.1-7.2 4.7-11.3 4.7s-8.2-1.6-11.3-4.7c-6.3-6.2-6.3-16.4 0-22.6l79.5-79.6c3-3 7.1-4.7 11.3-4.7s8.3 1.7 11.3 4.7z\" fill=\"#232763\" data-original=\"#000000\" class=\"\"><\/path><\/g><\/svg><\/span>\n\t\t\t\t\t\t\t\t\t\t\t\t\t<\/span>\n\t\t\t\t\t\t\t\t\t\t\t\t<a href=\"\" class=\"elementor-toggle-title\">UDEO en l\u00ednea<\/a>\n\t\t\t\t\t<\/div>\n\n\t\t\t\t\t<div id=\"elementor-tab-content-1252\" class=\"elementor-tab-content elementor-clearfix\" data-tab=\"2\" role=\"tabpanel\" aria-labelledby=\"elementor-tab-title-1252\"><p style=\"text-align: justify;\">The Universidad de Occidente is the <strong>ONLINE<\/strong> University of Guatemala. An online university with an effective, high-quality, student-centered teaching model that employs an active, participatory, and constructive <strong>methodology<\/strong>. It offers virtual <strong>face-to-face classes<\/strong> through a technological innovation methodology applied to university education.<\/p><\/div>\n\t\t\t\t<\/div>\n\t\t\t\t\t\t\t\t<\/div>\n\t\t\t\t<\/div>\n\t\t\t\t<\/div>\n\t\t\t\t<div class=\"elementor-element elementor-element-05d9335 elementor-hidden-mobile segmentcl elementor-widget elementor-widget-button\" data-id=\"05d9335\" data-element_type=\"widget\" data-widget_type=\"button.default\">\n\t\t\t\t<div class=\"elementor-widget-container\">\n\t\t\t\t\t<div class=\"elementor-button-wrapper\">\n\t\t\t<a href=\"https:\/\/bibliotech.com.gt\/en\/\" class=\"elementor-button-link elementor-button elementor-size-sm\" role=\"button\">\n\t\t\t\t\t\t<span class=\"elementor-button-content-wrapper\">\n\t\t\t\t\t\t<span class=\"elementor-button-text\">Back<\/span>\n\t\t<\/span>\n\t\t\t\t\t<\/a>\n\t\t<\/div>\n\t\t\t\t<\/div>\n\t\t\t\t<\/div>\n\t\t\t\t\t<\/div>\n\t\t<\/div>\n\t\t\t\t\t\t\t<\/div>\n\t\t<\/section>\n\t\t\t\t\t<\/div>\n\t\t<\/div>\n\t\t\t\t\t\t\t<\/div>\n\t\t<\/section>\n\t\t\t\t\t\t\t<\/div>","protected":false},"excerpt":{"rendered":"<p>Universidad Calvert Academy Asegura la entrada a una o m\u00e1s de 18 Universidades aliadas a Calvert al cumplir con los requisitos siguientes: 1. Cursar 6 Calvert Academy Courses (6 cr\u00e9ditos). 2. Obtener un promedio final de High School de C como m\u00ednimo (GPA correspondiente a 2.5 m\u00ednimo). 3. Demostrar el dominio del idioma ingl\u00e9s obteniendo [&hellip;]<\/p>","protected":false},"author":1,"featured_media":0,"parent":0,"menu_order":0,"comment_status":"closed","ping_status":"closed","template":"elementor_header_footer","meta":{"footnotes":""},"class_list":["post-2070","page","type-page","status-publish","hentry"],"yoast_head":"<!-- This site is optimized with the Yoast SEO plugin v21.4 - https:\/\/yoast.com\/wordpress\/plugins\/seo\/ -->\n<title>Universidad - Bibliotech<\/title>\n<meta name=\"robots\" content=\"index, follow, max-snippet:-1, max-image-preview:large, max-video-preview:-1\" \/>\n<link rel=\"canonical\" href=\"https:\/\/bibliotech.com.gt\/en\/universidad\/\" \/>\n<meta property=\"og:locale\" content=\"en_US\" \/>\n<meta property=\"og:type\" content=\"article\" \/>\n<meta property=\"og:title\" content=\"Universidad - Bibliotech\" \/>\n<meta property=\"og:description\" content=\"Universidad Calvert Academy Asegura la entrada a una o m\u00e1s de 18 Universidades aliadas a Calvert al cumplir con los requisitos siguientes: 1. Cursar 6 Calvert Academy Courses (6 cr\u00e9ditos). 2. Obtener un promedio final de High School de C como m\u00ednimo (GPA correspondiente a 2.5 m\u00ednimo). 3. Demostrar el dominio del idioma ingl\u00e9s obteniendo [&hellip;]\" \/>\n<meta property=\"og:url\" content=\"https:\/\/bibliotech.com.gt\/en\/universidad\/\" \/>\n<meta property=\"og:site_name\" content=\"Bibliotech\" \/>\n<meta property=\"article:modified_time\" content=\"2022-10-04T17:08:16+00:00\" \/>\n<meta property=\"og:image\" content=\"https:\/\/bibliotech.com.gt\/wp-content\/uploads\/2022\/04\/ninaprogramas.png\" \/>\n<meta name=\"twitter:card\" content=\"summary_large_image\" \/>\n<meta name=\"twitter:label1\" content=\"Est. reading time\" \/>\n\t<meta name=\"twitter:data1\" content=\"1 minute\" \/>\n<script type=\"application\/ld+json\" class=\"yoast-schema-graph\">{\"@context\":\"https:\/\/schema.org\",\"@graph\":[{\"@type\":\"WebPage\",\"@id\":\"https:\/\/bibliotech.com.gt\/universidad\/\",\"url\":\"https:\/\/bibliotech.com.gt\/universidad\/\",\"name\":\"Universidad - Bibliotech\",\"isPartOf\":{\"@id\":\"https:\/\/bibliotech.com.gt\/#website\"},\"datePublished\":\"2022-06-08T19:33:47+00:00\",\"dateModified\":\"2022-10-04T17:08:16+00:00\",\"breadcrumb\":{\"@id\":\"https:\/\/bibliotech.com.gt\/universidad\/#breadcrumb\"},\"inLanguage\":\"en-US\",\"potentialAction\":[{\"@type\":\"ReadAction\",\"target\":[\"https:\/\/bibliotech.com.gt\/universidad\/\"]}]},{\"@type\":\"BreadcrumbList\",\"@id\":\"https:\/\/bibliotech.com.gt\/universidad\/#breadcrumb\",\"itemListElement\":[{\"@type\":\"ListItem\",\"position\":1,\"name\":\"Home\",\"item\":\"https:\/\/bibliotech.com.gt\/\"},{\"@type\":\"ListItem\",\"position\":2,\"name\":\"Universidad\"}]},{\"@type\":\"WebSite\",\"@id\":\"https:\/\/bibliotech.com.gt\/#website\",\"url\":\"https:\/\/bibliotech.com.gt\/\",\"name\":\"Bibliotech\",\"description\":\"\",\"potentialAction\":[{\"@type\":\"SearchAction\",\"target\":{\"@type\":\"EntryPoint\",\"urlTemplate\":\"https:\/\/bibliotech.com.gt\/?s={search_term_string}\"},\"query-input\":\"required name=search_term_string\"}],\"inLanguage\":\"en-US\"}]}<\/script>\n<!-- \/ Yoast SEO plugin. -->","yoast_head_json":{"title":"Universidad - Bibliotech","robots":{"index":"index","follow":"follow","max-snippet":"max-snippet:-1","max-image-preview":"max-image-preview:large","max-video-preview":"max-video-preview:-1"},"canonical":"https:\/\/bibliotech.com.gt\/en\/universidad\/","og_locale":"en_US","og_type":"article","og_title":"Universidad - Bibliotech","og_description":"Universidad Calvert Academy Asegura la entrada a una o m\u00e1s de 18 Universidades aliadas a Calvert al cumplir con los requisitos siguientes: 1. Cursar 6 Calvert Academy Courses (6 cr\u00e9ditos). 2. Obtener un promedio final de High School de C como m\u00ednimo (GPA correspondiente a 2.5 m\u00ednimo). 3. Demostrar el dominio del idioma ingl\u00e9s obteniendo [&hellip;]","og_url":"https:\/\/bibliotech.com.gt\/en\/universidad\/","og_site_name":"Bibliotech","article_modified_time":"2022-10-04T17:08:16+00:00","og_image":[{"url":"https:\/\/bibliotech.com.gt\/wp-content\/uploads\/2022\/04\/ninaprogramas.png"}],"twitter_card":"summary_large_image","twitter_misc":{"Est. reading time":"1 minute"},"schema":{"@context":"https:\/\/schema.org","@graph":[{"@type":"WebPage","@id":"https:\/\/bibliotech.com.gt\/universidad\/","url":"https:\/\/bibliotech.com.gt\/universidad\/","name":"Universidad - Bibliotech","isPartOf":{"@id":"https:\/\/bibliotech.com.gt\/#website"},"datePublished":"2022-06-08T19:33:47+00:00","dateModified":"2022-10-04T17:08:16+00:00","breadcrumb":{"@id":"https:\/\/bibliotech.com.gt\/universidad\/#breadcrumb"},"inLanguage":"en-US","potentialAction":[{"@type":"ReadAction","target":["https:\/\/bibliotech.com.gt\/universidad\/"]}]},{"@type":"BreadcrumbList","@id":"https:\/\/bibliotech.com.gt\/universidad\/#breadcrumb","itemListElement":[{"@type":"ListItem","position":1,"name":"Home","item":"https:\/\/bibliotech.com.gt\/"},{"@type":"ListItem","position":2,"name":"Universidad"}]},{"@type":"WebSite","@id":"https:\/\/bibliotech.com.gt\/#website","url":"https:\/\/bibliotech.com.gt\/","name":"Bibliotech","description":"","potentialAction":[{"@type":"SearchAction","target":{"@type":"EntryPoint","urlTemplate":"https:\/\/bibliotech.com.gt\/?s={search_term_string}"},"query-input":"required name=search_term_string"}],"inLanguage":"en-US"}]}},"_links":{"self":[{"href":"https:\/\/bibliotech.com.gt\/en\/wp-json\/wp\/v2\/pages\/2070","targetHints":{"allow":["GET"]}}],"collection":[{"href":"https:\/\/bibliotech.com.gt\/en\/wp-json\/wp\/v2\/pages"}],"about":[{"href":"https:\/\/bibliotech.com.gt\/en\/wp-json\/wp\/v2\/types\/page"}],"author":[{"embeddable":true,"href":"https:\/\/bibliotech.com.gt\/en\/wp-json\/wp\/v2\/users\/1"}],"replies":[{"embeddable":true,"href":"https:\/\/bibliotech.com.gt\/en\/wp-json\/wp\/v2\/comments?post=2070"}],"version-history":[{"count":37,"href":"https:\/\/bibliotech.com.gt\/en\/wp-json\/wp\/v2\/pages\/2070\/revisions"}],"predecessor-version":[{"id":4171,"href":"https:\/\/bibliotech.com.gt\/en\/wp-json\/wp\/v2\/pages\/2070\/revisions\/4171"}],"wp:attachment":[{"href":"https:\/\/bibliotech.com.gt\/en\/wp-json\/wp\/v2\/media?parent=2070"}],"curies":[{"name":"wp","href":"https:\/\/api.w.org\/{rel}","templated":true}]}}