{"id":1336,"date":"2022-04-12T02:19:26","date_gmt":"2022-04-12T00:19:26","guid":{"rendered":"https:\/\/dev-bibliotech-sw.pantheonsite.io\/?page_id=1336"},"modified":"2022-07-27T19:34:16","modified_gmt":"2022-07-27T17:34:16","slug":"tutorias-personalizadas-por-las-tardes","status":"publish","type":"page","link":"https:\/\/bibliotech.com.gt\/en\/tutorias-personalizadas-por-las-tardes\/","title":{"rendered":"Personalized tutoring program in the afternoon"},"content":{"rendered":"<div data-elementor-type=\"wp-page\" data-elementor-id=\"1336\" class=\"elementor elementor-1336\">\n\t\t\t\t\t\t\t\t\t<section class=\"elementor-section elementor-top-section elementor-element elementor-element-7929cba elementor-section-boxed elementor-section-height-default elementor-section-height-default\" data-id=\"7929cba\" data-element_type=\"section\">\n\t\t\t\t\t\t<div class=\"elementor-container elementor-column-gap-default\">\n\t\t\t\t\t<div class=\"elementor-column elementor-col-100 elementor-top-column elementor-element elementor-element-f02adc3\" data-id=\"f02adc3\" data-element_type=\"column\">\n\t\t\t<div class=\"elementor-widget-wrap elementor-element-populated\">\n\t\t\t\t\t\t\t\t<div class=\"elementor-element elementor-element-fbcea2e elementor-widget elementor-widget-text-editor\" data-id=\"fbcea2e\" data-element_type=\"widget\" data-widget_type=\"text-editor.default\">\n\t\t\t\t<div class=\"elementor-widget-container\">\n\t\t\t<style>\/*! elementor - v3.7.8 - 02-10-2022 *\/\n.elementor-widget-text-editor.elementor-drop-cap-view-stacked .elementor-drop-cap{background-color:#818a91;color:#fff}.elementor-widget-text-editor.elementor-drop-cap-view-framed .elementor-drop-cap{color:#818a91;border:3px solid;background-color:transparent}.elementor-widget-text-editor:not(.elementor-drop-cap-view-default) .elementor-drop-cap{margin-top:8px}.elementor-widget-text-editor:not(.elementor-drop-cap-view-default) .elementor-drop-cap-letter{width:1em;height:1em}.elementor-widget-text-editor .elementor-drop-cap{float:left;text-align:center;line-height:1;font-size:50px}.elementor-widget-text-editor .elementor-drop-cap-letter{display:inline-block}<\/style>\t\t\t\t<p>Personalized tutoring program in the afternoon<\/p>\t\t\t\t\t\t<\/div>\n\t\t\t\t<\/div>\n\t\t\t\t<div class=\"elementor-element elementor-element-f1d34ff animated-slow elementor-invisible elementor-widget elementor-widget-text-editor\" data-id=\"f1d34ff\" data-element_type=\"widget\" data-settings=\"{&quot;_animation&quot;:&quot;bounceInUp&quot;}\" data-widget_type=\"text-editor.default\">\n\t\t\t\t<div class=\"elementor-widget-container\">\n\t\t\t\t\t\t\t<p>Having <strong>trouble<\/strong> understanding certain <strong>topics<\/strong> in your classes?<\/p>\t\t\t\t\t\t<\/div>\n\t\t\t\t<\/div>\n\t\t\t\t\t<\/div>\n\t\t<\/div>\n\t\t\t\t\t\t\t<\/div>\n\t\t<\/section>\n\t\t\t\t<section class=\"elementor-section elementor-top-section elementor-element elementor-element-f1fdae1 elementor-section-boxed elementor-section-height-default elementor-section-height-default elementor-invisible\" data-id=\"f1fdae1\" data-element_type=\"section\" data-settings=\"{&quot;animation&quot;:&quot;fadeInUp&quot;}\">\n\t\t\t\t\t\t<div class=\"elementor-container elementor-column-gap-default\">\n\t\t\t\t\t<div class=\"elementor-column elementor-col-100 elementor-top-column elementor-element elementor-element-9fbc914\" data-id=\"9fbc914\" data-element_type=\"column\">\n\t\t\t<div class=\"elementor-widget-wrap elementor-element-populated\">\n\t\t\t\t\t\t\t\t<section class=\"elementor-section elementor-inner-section elementor-element elementor-element-05f3aad elementor-section-boxed elementor-section-height-default elementor-section-height-default\" data-id=\"05f3aad\" data-element_type=\"section\">\n\t\t\t\t\t\t<div class=\"elementor-container elementor-column-gap-default\">\n\t\t\t\t\t<div class=\"elementor-column elementor-col-50 elementor-inner-column elementor-element elementor-element-01561d3\" data-id=\"01561d3\" data-element_type=\"column\">\n\t\t\t<div class=\"elementor-widget-wrap elementor-element-populated\">\n\t\t\t\t\t\t\t\t<div class=\"elementor-element elementor-element-48e0565 elementor-invisible elementor-widget elementor-widget-image\" data-id=\"48e0565\" data-element_type=\"widget\" data-settings=\"{&quot;_animation&quot;:&quot;fadeInUp&quot;}\" data-widget_type=\"image.default\">\n\t\t\t\t<div class=\"elementor-widget-container\">\n\t\t\t<style>\/*! elementor - v3.7.8 - 02-10-2022 *\/\n.elementor-widget-image{text-align:center}.elementor-widget-image a{display:inline-block}.elementor-widget-image a img[src$=\".svg\"]{width:48px}.elementor-widget-image img{vertical-align:middle;display:inline-block}<\/style>\t\t\t\t\t\t\t\t\t\t\t\t<img loading=\"lazy\" decoding=\"async\" width=\"594\" height=\"704\" src=\"https:\/\/bibliotech.com.gt\/wp-content\/uploads\/2022\/06\/tutorias-personalizadas.png\" class=\"attachment-large size-large\" alt=\"\" srcset=\"https:\/\/bibliotech.com.gt\/wp-content\/uploads\/2022\/06\/tutorias-personalizadas.png 594w, https:\/\/bibliotech.com.gt\/wp-content\/uploads\/2022\/06\/tutorias-personalizadas-253x300.png 253w, https:\/\/bibliotech.com.gt\/wp-content\/uploads\/2022\/06\/tutorias-personalizadas-10x12.png 10w\" sizes=\"auto, (max-width: 594px) 100vw, 594px\" \/>\t\t\t\t\t\t\t\t\t\t\t\t\t\t\t<\/div>\n\t\t\t\t<\/div>\n\t\t\t\t\t<\/div>\n\t\t<\/div>\n\t\t\t\t<div class=\"elementor-column elementor-col-50 elementor-inner-column elementor-element elementor-element-f6fa13e\" data-id=\"f6fa13e\" data-element_type=\"column\">\n\t\t\t<div class=\"elementor-widget-wrap elementor-element-populated\">\n\t\t\t\t\t\t\t\t<div class=\"elementor-element elementor-element-3c6ec81 elementor-invisible elementor-widget elementor-widget-text-editor\" data-id=\"3c6ec81\" data-element_type=\"widget\" data-settings=\"{&quot;_animation&quot;:&quot;fadeInUp&quot;}\" data-widget_type=\"text-editor.default\">\n\t\t\t\t<div class=\"elementor-widget-container\">\n\t\t\t\t\t\t\t<ul class=\"checklist\"><li>Middle School, High School, and University.<\/li><li>Personalized <strong>tutoring<\/strong> one to one.<\/li><li>Available for all subjects in <strong>English<\/strong> and Spanish.<\/li><li>We work so that students develop <strong>skills<\/strong> and see <strong>progress<\/strong> in the different subjects.<\/li><\/ul><p><br \/>Our tutoring support is made up of highly <strong>qualified educators<\/strong> who reinforce in each student the importance of time management, fulfilling <strong>responsibilities<\/strong>, prioritizing tasks and motivating them to lead a proactive <strong>lifestyle<\/strong>.<\/p>\t\t\t\t\t\t<\/div>\n\t\t\t\t<\/div>\n\t\t\t\t<div class=\"elementor-element elementor-element-23d16fa elementor-align-center elementor-widget elementor-widget-button\" data-id=\"23d16fa\" data-element_type=\"widget\" data-widget_type=\"button.default\">\n\t\t\t\t<div class=\"elementor-widget-container\">\n\t\t\t\t\t<div class=\"elementor-button-wrapper\">\n\t\t\t<a href=\"https:\/\/bibliotech.com.gt\/en\/\" class=\"elementor-button-link elementor-button elementor-size-sm\" role=\"button\">\n\t\t\t\t\t\t<span class=\"elementor-button-content-wrapper\">\n\t\t\t\t\t\t<span class=\"elementor-button-text\">Back<\/span>\n\t\t<\/span>\n\t\t\t\t\t<\/a>\n\t\t<\/div>\n\t\t\t\t<\/div>\n\t\t\t\t<\/div>\n\t\t\t\t\t<\/div>\n\t\t<\/div>\n\t\t\t\t\t\t\t<\/div>\n\t\t<\/section>\n\t\t\t\t\t<\/div>\n\t\t<\/div>\n\t\t\t\t\t\t\t<\/div>\n\t\t<\/section>\n\t\t\t\t\t\t\t<\/div>","protected":false},"excerpt":{"rendered":"<p>Tutor\u00edas personalizadas por la tarde \u00bfCon problemas para comprender ciertos temas en tus clases? Las tutor\u00edas personalizadas se enfocan en Primaria, Secundaria y Universidad. Tutor\u00edas personalizadas en din\u00e1mica uno a uno. Disponibles para todas las materias en ingl\u00e9s y espa\u00f1ol. Se trabajan destrezas y bases para que el alumno sienta y vea el progreso. Nuestro [&hellip;]<\/p>","protected":false},"author":1,"featured_media":0,"parent":0,"menu_order":0,"comment_status":"closed","ping_status":"closed","template":"elementor_header_footer","meta":{"footnotes":""},"class_list":["post-1336","page","type-page","status-publish","hentry"],"yoast_head":"<!-- This site is optimized with the Yoast SEO plugin v21.4 - https:\/\/yoast.com\/wordpress\/plugins\/seo\/ -->\n<title>Tutor\u00edas personalizadas por las tardes - Bibliotech<\/title>\n<meta name=\"robots\" content=\"index, follow, max-snippet:-1, max-image-preview:large, max-video-preview:-1\" \/>\n<link rel=\"canonical\" href=\"https:\/\/bibliotech.com.gt\/en\/tutorias-personalizadas-por-las-tardes\/\" \/>\n<meta property=\"og:locale\" content=\"en_US\" \/>\n<meta property=\"og:type\" content=\"article\" \/>\n<meta property=\"og:title\" content=\"Tutor\u00edas personalizadas por las tardes - Bibliotech\" \/>\n<meta property=\"og:description\" content=\"Tutor\u00edas personalizadas por la tarde \u00bfCon problemas para comprender ciertos temas en tus clases? Las tutor\u00edas personalizadas se enfocan en Primaria, Secundaria y Universidad. Tutor\u00edas personalizadas en din\u00e1mica uno a uno. Disponibles para todas las materias en ingl\u00e9s y espa\u00f1ol. Se trabajan destrezas y bases para que el alumno sienta y vea el progreso. Nuestro [&hellip;]\" \/>\n<meta property=\"og:url\" content=\"https:\/\/bibliotech.com.gt\/en\/tutorias-personalizadas-por-las-tardes\/\" \/>\n<meta property=\"og:site_name\" content=\"Bibliotech\" \/>\n<meta property=\"article:modified_time\" content=\"2022-07-27T17:34:16+00:00\" \/>\n<meta property=\"og:image\" content=\"https:\/\/dev-bibliotech-sw.pantheonsite.io\/wp-content\/uploads\/2022\/06\/tutorias-personalizadas.png\" \/>\n<meta name=\"twitter:card\" content=\"summary_large_image\" \/>\n<meta name=\"twitter:label1\" content=\"Est. reading time\" \/>\n\t<meta name=\"twitter:data1\" content=\"1 minute\" \/>\n<script type=\"application\/ld+json\" class=\"yoast-schema-graph\">{\"@context\":\"https:\/\/schema.org\",\"@graph\":[{\"@type\":\"WebPage\",\"@id\":\"https:\/\/bibliotech.com.gt\/tutorias-personalizadas-por-las-tardes\/\",\"url\":\"https:\/\/bibliotech.com.gt\/tutorias-personalizadas-por-las-tardes\/\",\"name\":\"Tutor\u00edas personalizadas por las tardes - Bibliotech\",\"isPartOf\":{\"@id\":\"https:\/\/bibliotech.com.gt\/#website\"},\"datePublished\":\"2022-04-12T00:19:26+00:00\",\"dateModified\":\"2022-07-27T17:34:16+00:00\",\"breadcrumb\":{\"@id\":\"https:\/\/bibliotech.com.gt\/tutorias-personalizadas-por-las-tardes\/#breadcrumb\"},\"inLanguage\":\"en-US\",\"potentialAction\":[{\"@type\":\"ReadAction\",\"target\":[\"https:\/\/bibliotech.com.gt\/tutorias-personalizadas-por-las-tardes\/\"]}]},{\"@type\":\"BreadcrumbList\",\"@id\":\"https:\/\/bibliotech.com.gt\/tutorias-personalizadas-por-las-tardes\/#breadcrumb\",\"itemListElement\":[{\"@type\":\"ListItem\",\"position\":1,\"name\":\"Home\",\"item\":\"https:\/\/bibliotech.com.gt\/\"},{\"@type\":\"ListItem\",\"position\":2,\"name\":\"Tutor\u00edas personalizadas por las tardes\"}]},{\"@type\":\"WebSite\",\"@id\":\"https:\/\/bibliotech.com.gt\/#website\",\"url\":\"https:\/\/bibliotech.com.gt\/\",\"name\":\"Bibliotech\",\"description\":\"\",\"potentialAction\":[{\"@type\":\"SearchAction\",\"target\":{\"@type\":\"EntryPoint\",\"urlTemplate\":\"https:\/\/bibliotech.com.gt\/?s={search_term_string}\"},\"query-input\":\"required name=search_term_string\"}],\"inLanguage\":\"en-US\"}]}<\/script>\n<!-- \/ Yoast SEO plugin. -->","yoast_head_json":{"title":"Tutor\u00edas personalizadas por las tardes - Bibliotech","robots":{"index":"index","follow":"follow","max-snippet":"max-snippet:-1","max-image-preview":"max-image-preview:large","max-video-preview":"max-video-preview:-1"},"canonical":"https:\/\/bibliotech.com.gt\/en\/tutorias-personalizadas-por-las-tardes\/","og_locale":"en_US","og_type":"article","og_title":"Tutor\u00edas personalizadas por las tardes - Bibliotech","og_description":"Tutor\u00edas personalizadas por la tarde \u00bfCon problemas para comprender ciertos temas en tus clases? Las tutor\u00edas personalizadas se enfocan en Primaria, Secundaria y Universidad. Tutor\u00edas personalizadas en din\u00e1mica uno a uno. Disponibles para todas las materias en ingl\u00e9s y espa\u00f1ol. Se trabajan destrezas y bases para que el alumno sienta y vea el progreso. Nuestro [&hellip;]","og_url":"https:\/\/bibliotech.com.gt\/en\/tutorias-personalizadas-por-las-tardes\/","og_site_name":"Bibliotech","article_modified_time":"2022-07-27T17:34:16+00:00","og_image":[{"url":"https:\/\/dev-bibliotech-sw.pantheonsite.io\/wp-content\/uploads\/2022\/06\/tutorias-personalizadas.png"}],"twitter_card":"summary_large_image","twitter_misc":{"Est. reading time":"1 minute"},"schema":{"@context":"https:\/\/schema.org","@graph":[{"@type":"WebPage","@id":"https:\/\/bibliotech.com.gt\/tutorias-personalizadas-por-las-tardes\/","url":"https:\/\/bibliotech.com.gt\/tutorias-personalizadas-por-las-tardes\/","name":"Tutor\u00edas personalizadas por las tardes - Bibliotech","isPartOf":{"@id":"https:\/\/bibliotech.com.gt\/#website"},"datePublished":"2022-04-12T00:19:26+00:00","dateModified":"2022-07-27T17:34:16+00:00","breadcrumb":{"@id":"https:\/\/bibliotech.com.gt\/tutorias-personalizadas-por-las-tardes\/#breadcrumb"},"inLanguage":"en-US","potentialAction":[{"@type":"ReadAction","target":["https:\/\/bibliotech.com.gt\/tutorias-personalizadas-por-las-tardes\/"]}]},{"@type":"BreadcrumbList","@id":"https:\/\/bibliotech.com.gt\/tutorias-personalizadas-por-las-tardes\/#breadcrumb","itemListElement":[{"@type":"ListItem","position":1,"name":"Home","item":"https:\/\/bibliotech.com.gt\/"},{"@type":"ListItem","position":2,"name":"Tutor\u00edas personalizadas por las tardes"}]},{"@type":"WebSite","@id":"https:\/\/bibliotech.com.gt\/#website","url":"https:\/\/bibliotech.com.gt\/","name":"Bibliotech","description":"","potentialAction":[{"@type":"SearchAction","target":{"@type":"EntryPoint","urlTemplate":"https:\/\/bibliotech.com.gt\/?s={search_term_string}"},"query-input":"required name=search_term_string"}],"inLanguage":"en-US"}]}},"_links":{"self":[{"href":"https:\/\/bibliotech.com.gt\/en\/wp-json\/wp\/v2\/pages\/1336","targetHints":{"allow":["GET"]}}],"collection":[{"href":"https:\/\/bibliotech.com.gt\/en\/wp-json\/wp\/v2\/pages"}],"about":[{"href":"https:\/\/bibliotech.com.gt\/en\/wp-json\/wp\/v2\/types\/page"}],"author":[{"embeddable":true,"href":"https:\/\/bibliotech.com.gt\/en\/wp-json\/wp\/v2\/users\/1"}],"replies":[{"embeddable":true,"href":"https:\/\/bibliotech.com.gt\/en\/wp-json\/wp\/v2\/comments?post=1336"}],"version-history":[{"count":79,"href":"https:\/\/bibliotech.com.gt\/en\/wp-json\/wp\/v2\/pages\/1336\/revisions"}],"predecessor-version":[{"id":3547,"href":"https:\/\/bibliotech.com.gt\/en\/wp-json\/wp\/v2\/pages\/1336\/revisions\/3547"}],"wp:attachment":[{"href":"https:\/\/bibliotech.com.gt\/en\/wp-json\/wp\/v2\/media?parent=1336"}],"curies":[{"name":"wp","href":"https:\/\/api.w.org\/{rel}","templated":true}]}}